{"id":80,"date":"2022-04-06T22:28:13","date_gmt":"2022-04-06T20:28:13","guid":{"rendered":"http:\/\/624df7dd1d471"},"modified":"2022-06-30T10:07:34","modified_gmt":"2022-06-30T08:07:34","slug":"about-us","status":"publish","type":"page","link":"https:\/\/www.everomeapartments.com\/it\/about-us\/","title":{"rendered":"Chi siamo"},"content":{"rendered":"<div id=\"pl-80\"  class=\"panel-layout\" ><div id=\"pg-80-0\"  class=\"panel-grid panel-no-style\" ><div id=\"pgc-80-0-0\"  class=\"panel-grid-cell\" ><div id=\"panel-80-0-0-0\" class=\"so-panel widget widget_lava-editor panel-first-child panel-last-child\" data-index=\"0\" ><div class=\"panel-widget-style panel-widget-style-for-80-0-0-0\" ><div\n\t\t\t\n\t\t\tclass=\"so-widget-lava-editor so-widget-lava-editor-base\"\n\t\t\t\n\t\t><div class=\"equal-height\"><div class=\"title-wrapper center-align\"><h3 class=\"widget-title\">Chi siamo<\/h3><\/div><div class=\"lava-text post-content\"><h3>\"ROMA CITTA\u2019 FORTUNATA, INVINCIBILE, ETERNA\"\u00a0\u00a0 TITO LIVIO<\/h3>\n<p>\u00c8 impossibile non amare Roma, questo \u00e8 certo! La sua emozionante bellezza, gli scorci unici, la storia che traspira ovunque, una vitalit\u00e0 elettrizzante, in costante fermento creativo: un\u2019atmosfera magica che ti accoglie e ti conquista a prima vista.<br \/>\nProprio questa incontenibile passione per la nostra citt\u00e0 ha mosso la nostra ricerca di location uniche, che abbiamo deciso di trasformare in dimore del viaggio, capaci di accogliere i nostri ospiti, facendo vivere e scoprire loro Roma da posizioni privilegiate.<br \/>\nCompletamente ristrutturati, con l\u2019attenzione ad ogni particolare e all\u2019essenza originale, i nostri appartamenti, tutti situati in posizioni d\u2019eccezione, nel cuore del centro storico, si caratterizzano per il design e il comfort, elementi imprescindibili per una vacanza indimenticabile.<br \/>\nCi piace coccolare i nostri ospiti, perch\u00e9 possano sentirsi a casa e al tempo stesso liberi di vivere un soggiorno perfetto, senza che nulla sia lasciato al caso, non solo aprendo loro le porte delle nostre case, ma anche riservando un\u2019accoglienza speciale unita a consigli e supporto per pianificare al meglio i dettagli per un soggiorno impeccabile.<\/p>\n<\/div><\/div><\/div><\/div><\/div><\/div><\/div><div id=\"pg-80-1\"  class=\"panel-grid panel-no-style\" ><div id=\"pgc-80-1-0\"  class=\"panel-grid-cell\" ><div id=\"panel-80-1-0-0\" class=\"so-panel widget widget_lava-rooms-grid panel-first-child panel-last-child\" data-index=\"1\" ><div\n\t\t\t\n\t\t\tclass=\"so-widget-lava-rooms-grid so-widget-lava-rooms-grid-default-d75171398898-80\"\n\t\t\t\n\t\t><div class=\"lava-rooms-grid\"><div class=\"row no-padding\">\r\n\t\t<div class=\"col x12 m6\">\r\n\t\t\t<div class=\"lava-image-holder lava-room-thumb equal-height\">\r\n\t\t\t\t<a href=\"https:\/\/www.everomeapartments.com\/it\/apartment\/fontanaditrevi\/\">\r\n\t\t\t\t\t<img width=\"960\" height=\"600\" src=\"https:\/\/www.everomeapartments.com\/wp-content\/uploads\/2022\/04\/eve-guesthouse-fontana-di-trevi-04-960x600.jpg\" class=\"attachment-lava_thumb_medium size-lava_thumb_medium wp-post-image\" alt=\"\" decoding=\"async\" loading=\"lazy\" \/>\t\t\t\t<\/a>\r\n\t\t\t<\/div>\r\n\t\t<\/div>\r\n\t\t<div class=\"col x12 m6\">\r\n\t\t\t<div class=\"lava-room-info container-half equal-height\">\r\n\t\t\t\t<h3 class=\"lava-room-title\">\r\n\t\t\t\t\t<a href=\"https:\/\/www.everomeapartments.com\/it\/apartment\/fontanaditrevi\/\">Fontana di Trevi\t\t\t\t\t\t\t\t\t\t\t<span class=\"lava-room-subtitle\">Eve Guesthouse<\/span>\r\n\t\t\t\t\t\t\t\t\t\t<\/a>\r\n\t\t\t\t<\/h3>\r\n\t\t\t\t<div class=\"excerpt\"><p>MAX 4+2 GUESTS<\/p>\n<p>Via della Panetteria, 36<\/p>\n<p>CIN: IT058091C2IXVTB6FI<\/p>\n<p><ins><strong><a href=\"\/it\/apartment\/fontanaditrevi\/\">Controlla la disponibilit\u00e0<\/a><\/strong><\/ins><\/p>\n<\/div>\t\t\t\t\t\t\t\t<a href=\"https:\/\/www.everomeapartments.com\/it\/apartment\/fontanaditrevi\/\" class=\"btn-secondary\">Details<\/a>\r\n\t\t\t<\/div>\r\n\t\t<\/div>\r\n\t<\/div><div class=\"row no-padding\">\r\n\t\t<div class=\"col x12 m6 pull-right\">\r\n\t\t\t<div class=\"lava-image-holder lava-room-thumb equal-height\">\r\n\t\t\t\t<a href=\"https:\/\/www.everomeapartments.com\/it\/apartment\/colosseo\/\">\r\n\t\t\t\t\t<img width=\"960\" height=\"600\" src=\"https:\/\/www.everomeapartments.com\/wp-content\/uploads\/2022\/04\/colosseo_A2A0961-HDR-1-960x600.jpg\" class=\"attachment-lava_thumb_medium size-lava_thumb_medium wp-post-image\" alt=\"penthouse colosseo\" decoding=\"async\" loading=\"lazy\" \/>\t\t\t\t<\/a>\r\n\t\t\t<\/div>\r\n\t\t<\/div>\r\n\t\t<div class=\"col x12 m6\">\r\n\t\t\t<div class=\"lava-room-info container-half equal-height\">\r\n\t\t\t\t<h3 class=\"lava-room-title\">\r\n\t\t\t\t\t<a href=\"https:\/\/www.everomeapartments.com\/it\/apartment\/colosseo\/\">Colosseo\t\t\t\t\t\t\t\t\t\t\t<span class=\"lava-room-subtitle\">Eve Penthouse<\/span>\r\n\t\t\t\t\t\t\t\t\t\t<\/a>\r\n\t\t\t\t<\/h3>\r\n\t\t\t\t<div class=\"excerpt\"><p>MAX 4+2 GUESTS<\/p>\n<p>Via di S. Giovanni in Laterano, 28<\/p>\n<p>CIN: IT058091C2X66EWJ8Q<\/p>\n<p><ins><strong><a href=\"\/it\/apartment\/colosseo\/\">Controlla la disponibilit\u00e0<\/a><\/strong><\/ins><\/p>\n<\/div>\t\t\t\t\t\t\t\t<a href=\"https:\/\/www.everomeapartments.com\/it\/apartment\/colosseo\/\" class=\"btn-secondary\">Details<\/a>\r\n\t\t\t<\/div>\r\n\t\t<\/div>\r\n\t<\/div><div class=\"row no-padding\">\r\n\t\t<div class=\"col x12 m6\">\r\n\t\t\t<div class=\"lava-image-holder lava-room-thumb equal-height\">\r\n\t\t\t\t<a href=\"https:\/\/www.everomeapartments.com\/it\/apartment\/pantheon-deluxe\/\">\r\n\t\t\t\t\t<img width=\"960\" height=\"600\" src=\"https:\/\/www.everomeapartments.com\/wp-content\/uploads\/2022\/04\/AAA_3184-960x600.jpg\" class=\"attachment-lava_thumb_medium size-lava_thumb_medium wp-post-image\" alt=\"Pantheon Luxury Apartment Deluxe\" decoding=\"async\" loading=\"lazy\" \/>\t\t\t\t<\/a>\r\n\t\t\t<\/div>\r\n\t\t<\/div>\r\n\t\t<div class=\"col x12 m6\">\r\n\t\t\t<div class=\"lava-room-info container-half equal-height\">\r\n\t\t\t\t<h3 class=\"lava-room-title\">\r\n\t\t\t\t\t<a href=\"https:\/\/www.everomeapartments.com\/it\/apartment\/pantheon-deluxe\/\">Pantheon\t\t\t\t\t\t\t\t\t\t\t<span class=\"lava-room-subtitle\">Eve Luxury Apartment Deluxe<\/span>\r\n\t\t\t\t\t\t\t\t\t\t<\/a>\r\n\t\t\t\t<\/h3>\r\n\t\t\t\t<div class=\"excerpt\"><p>MAX 4+2 GUESTS<\/p>\n<p>Via del Seminario, 106<\/p>\n<p>CIN: IT058091C2VWX2EXMP<\/p>\n<p><ins><strong><a href=\"\/it\/apartment\/pantheon-deluxe\/\">Controlla la disponibilit\u00e0<\/a><\/strong><\/ins><\/p>\n<\/div>\t\t\t\t\t\t\t\t<a href=\"https:\/\/www.everomeapartments.com\/it\/apartment\/pantheon-deluxe\/\" class=\"btn-secondary\">Details<\/a>\r\n\t\t\t<\/div>\r\n\t\t<\/div>\r\n\t<\/div><div class=\"row no-padding\">\r\n\t\t<div class=\"col x12 m6 pull-right\">\r\n\t\t\t<div class=\"lava-image-holder lava-room-thumb equal-height\">\r\n\t\t\t\t<a href=\"https:\/\/www.everomeapartments.com\/it\/apartment\/pantheon-suite\/\">\r\n\t\t\t\t\t<img width=\"960\" height=\"600\" src=\"https:\/\/www.everomeapartments.com\/wp-content\/uploads\/2022\/04\/AAA_31231-960x600.jpg\" class=\"attachment-lava_thumb_medium size-lava_thumb_medium wp-post-image\" alt=\"Pantheon Luxury Apartment Suite\" decoding=\"async\" loading=\"lazy\" \/>\t\t\t\t<\/a>\r\n\t\t\t<\/div>\r\n\t\t<\/div>\r\n\t\t<div class=\"col x12 m6\">\r\n\t\t\t<div class=\"lava-room-info container-half equal-height\">\r\n\t\t\t\t<h3 class=\"lava-room-title\">\r\n\t\t\t\t\t<a href=\"https:\/\/www.everomeapartments.com\/it\/apartment\/pantheon-suite\/\">Pantheon\t\t\t\t\t\t\t\t\t\t\t<span class=\"lava-room-subtitle\">Eve Luxury Apartment Suite<\/span>\r\n\t\t\t\t\t\t\t\t\t\t<\/a>\r\n\t\t\t\t<\/h3>\r\n\t\t\t\t<div class=\"excerpt\"><p>MAX 2+2 GUESTS<\/p>\n<p>Via del Seminario, 106<\/p>\n<p>CIN: IT058091C2VWX2EXMP<\/p>\n<p><ins><strong><a href=\"\/it\/apartment\/pantheon-suite\/\">Controlla la disponibilit\u00e0<\/a><\/strong><\/ins><\/p>\n<\/div>\t\t\t\t\t\t\t\t<a href=\"https:\/\/www.everomeapartments.com\/it\/apartment\/pantheon-suite\/\" class=\"btn-secondary\">Details<\/a>\r\n\t\t\t<\/div>\r\n\t\t<\/div>\r\n\t<\/div><div class=\"row no-padding\">\r\n\t\t<div class=\"col x12 m6\">\r\n\t\t\t<div class=\"lava-image-holder lava-room-thumb equal-height\">\r\n\t\t\t\t<a href=\"https:\/\/www.everomeapartments.com\/it\/apartment\/monti\/\">\r\n\t\t\t\t\t<img width=\"960\" height=\"600\" src=\"https:\/\/www.everomeapartments.com\/wp-content\/uploads\/2022\/04\/Eve-Penthouse-Monti-1-960x600.jpg\" class=\"attachment-lava_thumb_medium size-lava_thumb_medium wp-post-image\" alt=\"Eve Penthouse Monti (1)\" decoding=\"async\" loading=\"lazy\" \/>\t\t\t\t<\/a>\r\n\t\t\t<\/div>\r\n\t\t<\/div>\r\n\t\t<div class=\"col x12 m6\">\r\n\t\t\t<div class=\"lava-room-info container-half equal-height\">\r\n\t\t\t\t<h3 class=\"lava-room-title\">\r\n\t\t\t\t\t<a href=\"https:\/\/www.everomeapartments.com\/it\/apartment\/monti\/\">Monti\t\t\t\t\t\t\t\t\t\t\t<span class=\"lava-room-subtitle\">Eve Penthouse<\/span>\r\n\t\t\t\t\t\t\t\t\t\t<\/a>\r\n\t\t\t\t<\/h3>\r\n\t\t\t\t<div class=\"excerpt\"><p>MAX 4+2 GUESTS<\/p>\n<p>Via Leonina, 80<\/p>\n<p>CIN: IT058091C2OMIS7WHD<\/p>\n<p><ins><strong><a href=\"\/it\/apartment\/monti\/\">Controlla la disponibilit\u00e0<\/a><\/strong><\/ins><\/p>\n<\/div>\t\t\t\t\t\t\t\t<a href=\"https:\/\/www.everomeapartments.com\/it\/apartment\/monti\/\" class=\"btn-secondary\">Details<\/a>\r\n\t\t\t<\/div>\r\n\t\t<\/div>\r\n\t<\/div><div class=\"row no-padding\">\r\n\t\t<div class=\"col x12 m6 pull-right\">\r\n\t\t\t<div class=\"lava-image-holder lava-room-thumb equal-height\">\r\n\t\t\t\t<a href=\"https:\/\/www.everomeapartments.com\/it\/apartment\/santa-maria-maggiore-blue\/\">\r\n\t\t\t\t\t<img width=\"960\" height=\"600\" src=\"https:\/\/www.everomeapartments.com\/wp-content\/uploads\/2022\/06\/IMG_5410-960x600.jpg\" class=\"attachment-lava_thumb_medium size-lava_thumb_medium wp-post-image\" alt=\"Eve Santa Maria Maggiore Green 1\" decoding=\"async\" loading=\"lazy\" \/>\t\t\t\t<\/a>\r\n\t\t\t<\/div>\r\n\t\t<\/div>\r\n\t\t<div class=\"col x12 m6\">\r\n\t\t\t<div class=\"lava-room-info container-half equal-height\">\r\n\t\t\t\t<h3 class=\"lava-room-title\">\r\n\t\t\t\t\t<a href=\"https:\/\/www.everomeapartments.com\/it\/apartment\/santa-maria-maggiore-blue\/\">Santa Maria Maggiore\t\t\t\t\t\t\t\t\t\t\t<span class=\"lava-room-subtitle\">Eve Apartments Blue<\/span>\r\n\t\t\t\t\t\t\t\t\t\t<\/a>\r\n\t\t\t\t<\/h3>\r\n\t\t\t\t<div class=\"excerpt\"><p>MAX 2+2 GUESTS<\/p>\n<p>Piazza Santa Maria Maggiore, 12<\/p>\n<p>CIN: IT058091C2D4TLQ2T5<\/p>\n<p><b><ins><a href=\"\/it\/apartment\/santa-maria-maggiore-blue\/\">Controlla la disponibilit\u00e0<\/a><ins><\/b><\/p>\n<\/div>\t\t\t\t\t\t\t\t<a href=\"https:\/\/www.everomeapartments.com\/it\/apartment\/santa-maria-maggiore-blue\/\" class=\"btn-secondary\">Details<\/a>\r\n\t\t\t<\/div>\r\n\t\t<\/div>\r\n\t<\/div><div class=\"row no-padding\">\r\n\t\t<div class=\"col x12 m6\">\r\n\t\t\t<div class=\"lava-image-holder lava-room-thumb equal-height\">\r\n\t\t\t\t<a href=\"https:\/\/www.everomeapartments.com\/it\/apartment\/santa-maria-maggiore-green\/\">\r\n\t\t\t\t\t<img width=\"960\" height=\"600\" src=\"https:\/\/www.everomeapartments.com\/wp-content\/uploads\/2022\/06\/IMG_5438-960x600.jpg\" class=\"attachment-lava_thumb_medium size-lava_thumb_medium wp-post-image\" alt=\"Eve Santa Maria Maggiore Green 4\" decoding=\"async\" loading=\"lazy\" \/>\t\t\t\t<\/a>\r\n\t\t\t<\/div>\r\n\t\t<\/div>\r\n\t\t<div class=\"col x12 m6\">\r\n\t\t\t<div class=\"lava-room-info container-half equal-height\">\r\n\t\t\t\t<h3 class=\"lava-room-title\">\r\n\t\t\t\t\t<a href=\"https:\/\/www.everomeapartments.com\/it\/apartment\/santa-maria-maggiore-green\/\">Santa Maria Maggiore\t\t\t\t\t\t\t\t\t\t\t<span class=\"lava-room-subtitle\">Eve Apartments Green<\/span>\r\n\t\t\t\t\t\t\t\t\t\t<\/a>\r\n\t\t\t\t<\/h3>\r\n\t\t\t\t<div class=\"excerpt\"><p>MAX 2+2 GUESTS<\/p>\n<p>Piazza Santa Maria Maggiore, 12<\/p>\n<p>CIN: IT058091C2D4TLQ2T5<\/p>\n<p><b><ins><a href=\"\/it\/apartment\/santa-maria-maggiore-green\/\">Controlla la disponibilit\u00e0<\/a><ins><\/b><\/p>\n<\/div>\t\t\t\t\t\t\t\t<a href=\"https:\/\/www.everomeapartments.com\/it\/apartment\/santa-maria-maggiore-green\/\" class=\"btn-secondary\">Details<\/a>\r\n\t\t\t<\/div>\r\n\t\t<\/div>\r\n\t<\/div><\/div><\/div><\/div><\/div><\/div><div id=\"pg-80-2\"  class=\"panel-grid panel-no-style\" ><div id=\"pgc-80-2-0\"  class=\"panel-grid-cell\" ><div id=\"panel-80-2-0-0\" class=\"so-panel widget widget_text panel-first-child panel-last-child\" data-index=\"2\" ><div class=\"panel-widget-style panel-widget-style-for-80-2-0-0\" >\t\t\t<div class=\"textwidget\"><div role=\"form\" class=\"wpcf7\" id=\"wpcf7-f81-o1\" lang=\"it-IT\" dir=\"ltr\">\n<div class=\"screen-reader-response\"><p role=\"status\" aria-live=\"polite\" aria-atomic=\"true\"><\/p> <ul><\/ul><\/div>\n<form action=\"\/it\/wp-json\/wp\/v2\/pages\/80#wpcf7-f81-o1\" method=\"post\" class=\"wpcf7-form init\" novalidate=\"novalidate\" data-status=\"init\">\n<div style=\"display: none;\">\n<input type=\"hidden\" name=\"_wpcf7\" value=\"81\" \/>\n<input type=\"hidden\" name=\"_wpcf7_version\" value=\"5.6.4\" \/>\n<input type=\"hidden\" name=\"_wpcf7_locale\" value=\"it_IT\" \/>\n<input type=\"hidden\" name=\"_wpcf7_unit_tag\" value=\"wpcf7-f81-o1\" \/>\n<input type=\"hidden\" name=\"_wpcf7_container_post\" value=\"0\" \/>\n<input type=\"hidden\" name=\"_wpcf7_posted_data_hash\" value=\"\" \/>\n<input type=\"hidden\" name=\"_wpcf7_recaptcha_response\" value=\"\" \/>\n<\/div>\n<div class=\"widget-title\" id=\"81\">Contattaci<\/div>\n<div style=\"text-align: center;\">\n<span class=\"wpcf7-form-control-wrap\" data-name=\"your-name\"><input type=\"text\" name=\"your-name\" value=\"\" size=\"40\" class=\"wpcf7-form-control wpcf7-text wpcf7-validates-as-required\" aria-required=\"true\" aria-invalid=\"false\" placeholder=\"Nome*\" \/><\/span><br \/>\n<span class=\"wpcf7-form-control-wrap\" data-name=\"your-email\"><input type=\"email\" name=\"your-email\" value=\"\" size=\"40\" class=\"wpcf7-form-control wpcf7-text wpcf7-email wpcf7-validates-as-required wpcf7-validates-as-email\" aria-required=\"true\" aria-invalid=\"false\" placeholder=\"Email*\" \/><\/span><br \/>\n<span class=\"wpcf7-form-control-wrap\" data-name=\"your-message\"><textarea name=\"your-message\" cols=\"40\" rows=\"10\" class=\"wpcf7-form-control wpcf7-textarea wpcf7-validates-as-required\" aria-required=\"true\" aria-invalid=\"false\" placeholder=\"Messaggio*\"><\/textarea><\/span><\/p>\n<div>\n\n<\/div>\n<p><input type=\"submit\" value=\"Invia\" class=\"wpcf7-form-control has-spinner wpcf7-submit\" id=\"btn-footer\" \/>\n<\/p><\/div>\n<div class=\"wpcf7-response-output\" aria-hidden=\"true\"><\/div><\/form><\/div>\n<\/div>\n\t\t<\/div><\/div><\/div><\/div><\/div>","protected":false},"excerpt":{"rendered":"<p>Chi siamo&#8221;ROMA CITTA\u2019 FORTUNATA, INVINCIBILE, ETERNA&#8221;\u00a0\u00a0 TITO LIVIO \u00c8 impossibile non amare Roma, questo \u00e8 certo! La sua emozionante bellezza, gli scorci unici, la storia che traspira ovunque, una vitalit\u00e0 [&hellip;]<\/p>\n","protected":false},"author":2,"featured_media":0,"parent":0,"menu_order":0,"comment_status":"closed","ping_status":"closed","template":"page-builder.php","meta":[],"yoast_head":"<!-- This site is optimized with the Yoast SEO plugin v19.9 - https:\/\/yoast.com\/wordpress\/plugins\/seo\/ -->\r\n<title>Chi siamo - Eve Rome Apartments<\/title>\r\n<meta name=\"description\" content=\"Ci piace coccolare i nostri ospiti perch\u00e9 possano vivere un soggiorno perfetto riservando un\u2019accoglienza speciale unita a consigli e supporto per pianificare un soggiorno impeccabile.\" \/>\r\n<meta name=\"robots\" content=\"index, follow, max-snippet:-1, max-image-preview:large, max-video-preview:-1\" \/>\r\n<link rel=\"canonical\" href=\"https:\/\/www.everomeapartments.com\/it\/about-us\/\" \/>\r\n<meta property=\"og:locale\" content=\"it_IT\" \/>\r\n<meta property=\"og:type\" content=\"article\" \/>\r\n<meta property=\"og:title\" content=\"Chi siamo - Eve Rome Apartments\" \/>\r\n<meta property=\"og:description\" content=\"Ci piace coccolare i nostri ospiti perch\u00e9 possano vivere un soggiorno perfetto riservando un\u2019accoglienza speciale unita a consigli e supporto per pianificare un soggiorno impeccabile.\" \/>\r\n<meta property=\"og:url\" content=\"https:\/\/www.everomeapartments.com\/it\/about-us\/\" \/>\r\n<meta property=\"og:site_name\" content=\"Eve Rome Apartments\" \/>\r\n<meta property=\"article:modified_time\" content=\"2022-06-30T08:07:34+00:00\" \/>\r\n<meta property=\"og:image\" content=\"https:\/\/www.everomeapartments.com\/wp-content\/uploads\/2022\/04\/1920x1080-monti-dark-1.jpg\" \/>\r\n\t<meta property=\"og:image:width\" content=\"1920\" \/>\r\n\t<meta property=\"og:image:height\" content=\"1080\" \/>\r\n\t<meta property=\"og:image:type\" content=\"image\/jpeg\" \/>\r\n<meta name=\"twitter:card\" content=\"summary_large_image\" \/>\r\n<script type=\"application\/ld+json\" class=\"yoast-schema-graph\">{\"@context\":\"https:\/\/schema.org\",\"@graph\":[{\"@type\":\"WebPage\",\"@id\":\"https:\/\/www.everomeapartments.com\/it\/about-us\/\",\"url\":\"https:\/\/www.everomeapartments.com\/it\/about-us\/\",\"name\":\"Chi siamo - Eve Rome Apartments\",\"isPartOf\":{\"@id\":\"https:\/\/www.everomeapartments.com\/it\/#website\"},\"datePublished\":\"2022-04-06T20:28:13+00:00\",\"dateModified\":\"2022-06-30T08:07:34+00:00\",\"description\":\"Ci piace coccolare i nostri ospiti perch\u00e9 possano vivere un soggiorno perfetto riservando un\u2019accoglienza speciale unita a consigli e supporto per pianificare un soggiorno impeccabile.\",\"breadcrumb\":{\"@id\":\"https:\/\/www.everomeapartments.com\/it\/about-us\/#breadcrumb\"},\"inLanguage\":\"it-IT\",\"potentialAction\":[{\"@type\":\"ReadAction\",\"target\":[\"https:\/\/www.everomeapartments.com\/it\/about-us\/\"]}]},{\"@type\":\"BreadcrumbList\",\"@id\":\"https:\/\/www.everomeapartments.com\/it\/about-us\/#breadcrumb\",\"itemListElement\":[{\"@type\":\"ListItem\",\"position\":1,\"name\":\"Home\",\"item\":\"https:\/\/www.everomeapartments.com\/it\/\"},{\"@type\":\"ListItem\",\"position\":2,\"name\":\"Chi siamo\"}]},{\"@type\":\"WebSite\",\"@id\":\"https:\/\/www.everomeapartments.com\/it\/#website\",\"url\":\"https:\/\/www.everomeapartments.com\/it\/\",\"name\":\"Eve Rome Apartments\",\"description\":\"Il tuo soggiorno a Roma\",\"publisher\":{\"@id\":\"https:\/\/www.everomeapartments.com\/it\/#organization\"},\"potentialAction\":[{\"@type\":\"SearchAction\",\"target\":{\"@type\":\"EntryPoint\",\"urlTemplate\":\"https:\/\/www.everomeapartments.com\/it\/?s={search_term_string}\"},\"query-input\":\"required name=search_term_string\"}],\"inLanguage\":\"it-IT\"},{\"@type\":\"Organization\",\"@id\":\"https:\/\/www.everomeapartments.com\/it\/#organization\",\"name\":\"Eve Rome Apartments\",\"url\":\"https:\/\/www.everomeapartments.com\/it\/\",\"logo\":{\"@type\":\"ImageObject\",\"inLanguage\":\"it-IT\",\"@id\":\"https:\/\/www.everomeapartments.com\/it\/#\/schema\/logo\/image\/\",\"url\":\"https:\/\/www.everomeapartments.com\/wp-content\/uploads\/2022\/06\/Logo_ERomeapartments-scaled.jpg\",\"contentUrl\":\"https:\/\/www.everomeapartments.com\/wp-content\/uploads\/2022\/06\/Logo_ERomeapartments-scaled.jpg\",\"width\":2560,\"height\":801,\"caption\":\"Eve Rome Apartments\"},\"image\":{\"@id\":\"https:\/\/www.everomeapartments.com\/it\/#\/schema\/logo\/image\/\"}}]}<\/script>\r\n<!-- \/ Yoast SEO plugin. -->","yoast_head_json":{"title":"Chi siamo - Eve Rome Apartments","description":"Ci piace coccolare i nostri ospiti perch\u00e9 possano vivere un soggiorno perfetto riservando un\u2019accoglienza speciale unita a consigli e supporto per pianificare un soggiorno impeccabile.","robots":{"index":"index","follow":"follow","max-snippet":"max-snippet:-1","max-image-preview":"max-image-preview:large","max-video-preview":"max-video-preview:-1"},"canonical":"https:\/\/www.everomeapartments.com\/it\/about-us\/","og_locale":"it_IT","og_type":"article","og_title":"Chi siamo - Eve Rome Apartments","og_description":"Ci piace coccolare i nostri ospiti perch\u00e9 possano vivere un soggiorno perfetto riservando un\u2019accoglienza speciale unita a consigli e supporto per pianificare un soggiorno impeccabile.","og_url":"https:\/\/www.everomeapartments.com\/it\/about-us\/","og_site_name":"Eve Rome Apartments","article_modified_time":"2022-06-30T08:07:34+00:00","og_image":[{"width":1920,"height":1080,"url":"https:\/\/www.everomeapartments.com\/wp-content\/uploads\/2022\/04\/1920x1080-monti-dark-1.jpg","type":"image\/jpeg"}],"twitter_card":"summary_large_image","schema":{"@context":"https:\/\/schema.org","@graph":[{"@type":"WebPage","@id":"https:\/\/www.everomeapartments.com\/it\/about-us\/","url":"https:\/\/www.everomeapartments.com\/it\/about-us\/","name":"Chi siamo - Eve Rome Apartments","isPartOf":{"@id":"https:\/\/www.everomeapartments.com\/it\/#website"},"datePublished":"2022-04-06T20:28:13+00:00","dateModified":"2022-06-30T08:07:34+00:00","description":"Ci piace coccolare i nostri ospiti perch\u00e9 possano vivere un soggiorno perfetto riservando un\u2019accoglienza speciale unita a consigli e supporto per pianificare un soggiorno impeccabile.","breadcrumb":{"@id":"https:\/\/www.everomeapartments.com\/it\/about-us\/#breadcrumb"},"inLanguage":"it-IT","potentialAction":[{"@type":"ReadAction","target":["https:\/\/www.everomeapartments.com\/it\/about-us\/"]}]},{"@type":"BreadcrumbList","@id":"https:\/\/www.everomeapartments.com\/it\/about-us\/#breadcrumb","itemListElement":[{"@type":"ListItem","position":1,"name":"Home","item":"https:\/\/www.everomeapartments.com\/it\/"},{"@type":"ListItem","position":2,"name":"Chi siamo"}]},{"@type":"WebSite","@id":"https:\/\/www.everomeapartments.com\/it\/#website","url":"https:\/\/www.everomeapartments.com\/it\/","name":"Eve Rome Apartments","description":"Il tuo soggiorno a Roma","publisher":{"@id":"https:\/\/www.everomeapartments.com\/it\/#organization"},"potentialAction":[{"@type":"SearchAction","target":{"@type":"EntryPoint","urlTemplate":"https:\/\/www.everomeapartments.com\/it\/?s={search_term_string}"},"query-input":"required name=search_term_string"}],"inLanguage":"it-IT"},{"@type":"Organization","@id":"https:\/\/www.everomeapartments.com\/it\/#organization","name":"Eve Rome Apartments","url":"https:\/\/www.everomeapartments.com\/it\/","logo":{"@type":"ImageObject","inLanguage":"it-IT","@id":"https:\/\/www.everomeapartments.com\/it\/#\/schema\/logo\/image\/","url":"https:\/\/www.everomeapartments.com\/wp-content\/uploads\/2022\/06\/Logo_ERomeapartments-scaled.jpg","contentUrl":"https:\/\/www.everomeapartments.com\/wp-content\/uploads\/2022\/06\/Logo_ERomeapartments-scaled.jpg","width":2560,"height":801,"caption":"Eve Rome Apartments"},"image":{"@id":"https:\/\/www.everomeapartments.com\/it\/#\/schema\/logo\/image\/"}}]}},"_links":{"self":[{"href":"https:\/\/www.everomeapartments.com\/it\/wp-json\/wp\/v2\/pages\/80"}],"collection":[{"href":"https:\/\/www.everomeapartments.com\/it\/wp-json\/wp\/v2\/pages"}],"about":[{"href":"https:\/\/www.everomeapartments.com\/it\/wp-json\/wp\/v2\/types\/page"}],"author":[{"embeddable":true,"href":"https:\/\/www.everomeapartments.com\/it\/wp-json\/wp\/v2\/users\/2"}],"replies":[{"embeddable":true,"href":"https:\/\/www.everomeapartments.com\/it\/wp-json\/wp\/v2\/comments?post=80"}],"version-history":[{"count":62,"href":"https:\/\/www.everomeapartments.com\/it\/wp-json\/wp\/v2\/pages\/80\/revisions"}],"predecessor-version":[{"id":714,"href":"https:\/\/www.everomeapartments.com\/it\/wp-json\/wp\/v2\/pages\/80\/revisions\/714"}],"wp:attachment":[{"href":"https:\/\/www.everomeapartments.com\/it\/wp-json\/wp\/v2\/media?parent=80"}],"curies":[{"name":"wp","href":"https:\/\/api.w.org\/{rel}","templated":true}]}}